{"id":35,"date":"2017-07-04T17:54:07","date_gmt":"2017-07-04T15:54:07","guid":{"rendered":"http:\/\/blog.modulotheque.com\/?page_id=35"},"modified":"2017-07-04T17:54:07","modified_gmt":"2017-07-04T15:54:07","slug":"a-propos-de","status":"publish","type":"page","link":"https:\/\/blog.modulotheque.com\/index.php\/a-propos-de\/","title":{"rendered":"\u00c0 propos de"},"content":{"rendered":"<p>Vous pourriez \u00eatre un artiste et vouloir pr\u00e9senter vos travaux et vous m\u00eame ou encore \u00eatre une entreprise avec une mission \u00e0 promouvoir.<\/p>\n","protected":false},"excerpt":{"rendered":"<p>Vous pourriez \u00eatre un artiste et vouloir pr\u00e9senter vos travaux et vous m\u00eame ou encore \u00eatre une entreprise avec une mission \u00e0 promouvoir.<\/p>\n","protected":false},"author":1,"featured_media":0,"parent":0,"menu_order":0,"comment_status":"closed","ping_status":"closed","template":"","meta":[],"_links":{"self":[{"href":"https:\/\/blog.modulotheque.com\/index.php\/wp-json\/wp\/v2\/pages\/35"}],"collection":[{"href":"https:\/\/blog.modulotheque.com\/index.php\/wp-json\/wp\/v2\/pages"}],"about":[{"href":"https:\/\/blog.modulotheque.com\/index.php\/wp-json\/wp\/v2\/types\/page"}],"author":[{"embeddable":true,"href":"https:\/\/blog.modulotheque.com\/index.php\/wp-json\/wp\/v2\/users\/1"}],"replies":[{"embeddable":true,"href":"https:\/\/blog.modulotheque.com\/index.php\/wp-json\/wp\/v2\/comments?post=35"}],"version-history":[{"count":1,"href":"https:\/\/blog.modulotheque.com\/index.php\/wp-json\/wp\/v2\/pages\/35\/revisions"}],"predecessor-version":[{"id":41,"href":"https:\/\/blog.modulotheque.com\/index.php\/wp-json\/wp\/v2\/pages\/35\/revisions\/41"}],"wp:attachment":[{"href":"https:\/\/blog.modulotheque.com\/index.php\/wp-json\/wp\/v2\/media?parent=35"}],"curies":[{"name":"wp","href":"https:\/\/api.w.org\/{rel}","templated":true}]}}