{"id":34,"date":"2017-07-04T17:54:07","date_gmt":"2017-07-04T15:54:07","guid":{"rendered":"http:\/\/blog.modulotheque.com\/?page_id=34"},"modified":"2017-07-27T18:03:05","modified_gmt":"2017-07-27T16:03:05","slug":"accueil","status":"publish","type":"page","link":"https:\/\/blog.modulotheque.com\/","title":{"rendered":"Accueil"},"content":{"rendered":"<h2 style=\"text-align: center;\"><strong>\u00a0Bienvenue sur\u00a0le Blog de <a href=\"http:\/\/www.modulotheque.com\">Modulotheque\u00a0\u00a0<\/a>\u00a0\u00a0<\/strong><\/h2>\n<h3 style=\"text-align: center;\">Imaginez&#8230; R\u00e9alisez<\/h3>\n<p>Avec <strong>Modulotheque<\/strong>, d\u00e9couvrez des meubles en bois massif innovants, con\u00e7us pour s\u2019adapter \u00e0 votre quotidien et profitez de la qualit\u00e9 du ch\u00eane massif.<\/p>\n<p>Nos meubles au design chaleureux vous offrent solidit\u00e9 et durabilit\u00e9. Fabriqu\u00e9s en France, ils sont faciles \u00e0 monter et ne n\u00e9cessitent pas d\u2019outils particuliers.<\/p>\n","protected":false},"excerpt":{"rendered":"<p>\u00a0Bienvenue sur\u00a0le Blog de Modulotheque\u00a0\u00a0\u00a0\u00a0 Imaginez&#8230; R\u00e9alisez Avec Modulotheque, d\u00e9couvrez des meubles en bois massif innovants, con\u00e7us pour s\u2019adapter \u00e0 votre quotidien et profitez de la qualit\u00e9 du ch\u00eane massif. Nos meubles au design chaleureux vous offrent solidit\u00e9 et durabilit\u00e9. Fabriqu\u00e9s en France, ils sont faciles \u00e0 monter et ne n\u00e9cessitent pas d\u2019outils particuliers.<\/p>\n","protected":false},"author":1,"featured_media":0,"parent":0,"menu_order":0,"comment_status":"closed","ping_status":"closed","template":"","meta":[],"_links":{"self":[{"href":"https:\/\/blog.modulotheque.com\/index.php\/wp-json\/wp\/v2\/pages\/34"}],"collection":[{"href":"https:\/\/blog.modulotheque.com\/index.php\/wp-json\/wp\/v2\/pages"}],"about":[{"href":"https:\/\/blog.modulotheque.com\/index.php\/wp-json\/wp\/v2\/types\/page"}],"author":[{"embeddable":true,"href":"https:\/\/blog.modulotheque.com\/index.php\/wp-json\/wp\/v2\/users\/1"}],"replies":[{"embeddable":true,"href":"https:\/\/blog.modulotheque.com\/index.php\/wp-json\/wp\/v2\/comments?post=34"}],"version-history":[{"count":10,"href":"https:\/\/blog.modulotheque.com\/index.php\/wp-json\/wp\/v2\/pages\/34\/revisions"}],"predecessor-version":[{"id":85,"href":"https:\/\/blog.modulotheque.com\/index.php\/wp-json\/wp\/v2\/pages\/34\/revisions\/85"}],"wp:attachment":[{"href":"https:\/\/blog.modulotheque.com\/index.php\/wp-json\/wp\/v2\/media?parent=34"}],"curies":[{"name":"wp","href":"https:\/\/api.w.org\/{rel}","templated":true}]}}